{"id":66,"date":"2020-04-13T13:02:37","date_gmt":"2020-04-13T11:02:37","guid":{"rendered":"http:\/\/demo2.hoblike.fr\/?page_id=66"},"modified":"2020-04-17T15:46:54","modified_gmt":"2020-04-17T13:46:54","slug":"qui-sommes-nous","status":"publish","type":"page","link":"https:\/\/gersmarlenedidier.fr\/index.php\/qui-sommes-nous\/","title":{"rendered":"Qui sommes nous?"},"content":{"rendered":"\n<p><\/p>\n\n\n\n<div class=\"wp-block-columns is-layout-flex wp-container-core-columns-is-layout-28f84493 wp-block-columns-is-layout-flex\">\n<div class=\"wp-block-column is-layout-flow wp-block-column-is-layout-flow\">\n<p>Bonjour,<\/p>\n\n\n\n<p>Nous sommes Marl\u00e8ne et Didier, producteurs de fruits et l\u00e9gumes en culture biologique dans le Gers.<\/p>\n\n\n\n<p>Nous sommes pass\u00e9s en 100% Biologique en 2015 apr\u00e8s presque 30 ans de culture raisonn\u00e9e.<\/p>\n\n\n\n<p>Nous produisons sur 38 Hectares de terres situ\u00e9es dans les vallons du Gers.<\/p>\n<\/div>\n\n\n\n<div class=\"wp-block-column is-layout-flow wp-block-column-is-layout-flow\">\n<figure class=\"wp-block-image alignwide size-large is-style-rounded\"><img data-recalc-dims=\"1\" loading=\"lazy\" decoding=\"async\" width=\"500\" height=\"283\" src=\"https:\/\/i0.wp.com\/gersmarlenedidier.fr\/wp-content\/uploads\/2020\/04\/Bebop2_201905121108540200.jpg?resize=500%2C283&#038;ssl=1\" alt=\"\" class=\"wp-image-69\" srcset=\"https:\/\/i0.wp.com\/gersmarlenedidier.fr\/wp-content\/uploads\/2020\/04\/Bebop2_201905121108540200.jpg?w=500&amp;ssl=1 500w, https:\/\/i0.wp.com\/gersmarlenedidier.fr\/wp-content\/uploads\/2020\/04\/Bebop2_201905121108540200.jpg?resize=416%2C235&amp;ssl=1 416w, https:\/\/i0.wp.com\/gersmarlenedidier.fr\/wp-content\/uploads\/2020\/04\/Bebop2_201905121108540200.jpg?resize=300%2C170&amp;ssl=1 300w\" sizes=\"auto, (max-width: 500px) 100vw, 500px\" \/><\/figure>\n<\/div>\n<\/div>\n\n\n\n<div class=\"wp-block-columns is-layout-flex wp-container-core-columns-is-layout-28f84493 wp-block-columns-is-layout-flex\">\n<div class=\"wp-block-column is-layout-flow wp-block-column-is-layout-flow\">\n<figure class=\"wp-block-image size-large\"><img data-recalc-dims=\"1\" loading=\"lazy\" decoding=\"async\" width=\"980\" height=\"980\" src=\"https:\/\/i0.wp.com\/gersmarlenedidier.fr\/wp-content\/uploads\/2020\/04\/logo.png?resize=980%2C980&#038;ssl=1\" alt=\"\" class=\"wp-image-59\" srcset=\"https:\/\/i0.wp.com\/gersmarlenedidier.fr\/wp-content\/uploads\/2020\/04\/logo.png?w=1000&amp;ssl=1 1000w, https:\/\/i0.wp.com\/gersmarlenedidier.fr\/wp-content\/uploads\/2020\/04\/logo.png?resize=324%2C324&amp;ssl=1 324w, https:\/\/i0.wp.com\/gersmarlenedidier.fr\/wp-content\/uploads\/2020\/04\/logo.png?resize=100%2C100&amp;ssl=1 100w, https:\/\/i0.wp.com\/gersmarlenedidier.fr\/wp-content\/uploads\/2020\/04\/logo.png?resize=416%2C416&amp;ssl=1 416w, https:\/\/i0.wp.com\/gersmarlenedidier.fr\/wp-content\/uploads\/2020\/04\/logo.png?resize=300%2C300&amp;ssl=1 300w, https:\/\/i0.wp.com\/gersmarlenedidier.fr\/wp-content\/uploads\/2020\/04\/logo.png?resize=150%2C150&amp;ssl=1 150w, https:\/\/i0.wp.com\/gersmarlenedidier.fr\/wp-content\/uploads\/2020\/04\/logo.png?resize=768%2C768&amp;ssl=1 768w\" sizes=\"auto, (max-width: 980px) 100vw, 980px\" \/><\/figure>\n<\/div>\n\n\n\n<div class=\"wp-block-column is-layout-flow wp-block-column-is-layout-flow\">\n<div style=\"height:101px\" aria-hidden=\"true\" class=\"wp-block-spacer\"><\/div>\n\n\n\n<p><\/p>\n\n\n\n<p><\/p>\n\n\n\n<p>Contact : <\/p>\n\n\n\n<ul class=\"wp-block-list\"><li>Par email : marlene.del(a)hotmail.fr<\/li><\/ul>\n\n\n\n<p>*Remplacer (a) par @<\/p>\n<\/div>\n<\/div>\n","protected":false},"excerpt":{"rendered":"<p>Bonjour, Nous sommes Marl\u00e8ne et Didier, producteurs de fruits et l\u00e9gumes en culture biologique dans le Gers. Nous sommes pass\u00e9s en 100% Biologique en 2015 apr\u00e8s presque 30 ans de culture raisonn\u00e9e. Nous produisons sur 38 Hectares de terres situ\u00e9es dans les vallons du Gers. Contact : Par email : marlene.del(a)hotmail.fr *Remplacer (a) par @<\/p>\n","protected":false},"author":1,"featured_media":0,"parent":0,"menu_order":0,"comment_status":"closed","ping_status":"closed","template":"templates\/template-full-width.php","meta":{"footnotes":""},"class_list":["post-66","page","type-page","status-publish","hentry"],"jetpack_sharing_enabled":true,"_links":{"self":[{"href":"https:\/\/gersmarlenedidier.fr\/index.php\/wp-json\/wp\/v2\/pages\/66","targetHints":{"allow":["GET"]}}],"collection":[{"href":"https:\/\/gersmarlenedidier.fr\/index.php\/wp-json\/wp\/v2\/pages"}],"about":[{"href":"https:\/\/gersmarlenedidier.fr\/index.php\/wp-json\/wp\/v2\/types\/page"}],"author":[{"embeddable":true,"href":"https:\/\/gersmarlenedidier.fr\/index.php\/wp-json\/wp\/v2\/users\/1"}],"replies":[{"embeddable":true,"href":"https:\/\/gersmarlenedidier.fr\/index.php\/wp-json\/wp\/v2\/comments?post=66"}],"version-history":[{"count":26,"href":"https:\/\/gersmarlenedidier.fr\/index.php\/wp-json\/wp\/v2\/pages\/66\/revisions"}],"predecessor-version":[{"id":278,"href":"https:\/\/gersmarlenedidier.fr\/index.php\/wp-json\/wp\/v2\/pages\/66\/revisions\/278"}],"wp:attachment":[{"href":"https:\/\/gersmarlenedidier.fr\/index.php\/wp-json\/wp\/v2\/media?parent=66"}],"curies":[{"name":"wp","href":"https:\/\/api.w.org\/{rel}","templated":true}]}}